{"id":19186,"date":"2021-10-22T08:28:33","date_gmt":"2021-10-22T06:28:33","guid":{"rendered":"https:\/\/canoes-loisirs.com\/mi-cuenta\/"},"modified":"2021-10-22T08:28:33","modified_gmt":"2021-10-22T06:28:33","slug":"mi-cuenta","status":"publish","type":"page","link":"https:\/\/canoes-loisirs.com\/es\/mi-cuenta\/","title":{"rendered":"mi-cuenta"},"content":{"rendered":"\t\t<div data-elementor-type=\"wp-page\" data-elementor-id=\"19186\" class=\"elementor elementor-19186 elementor-16\" data-elementor-post-type=\"page\">\n\t\t\t\t<div class=\"elementor-element elementor-element-0bbc479 e-con-full e-flex wpr-particle-no wpr-jarallax-no wpr-parallax-no wpr-sticky-section-no wpr-equal-height-no e-con e-parent\" data-id=\"0bbc479\" data-element_type=\"container\" data-settings=\"{&quot;background_background&quot;:&quot;classic&quot;,&quot;shape_divider_bottom&quot;:&quot;wave-brush&quot;}\">\n\t\t\t\t<div class=\"elementor-shape elementor-shape-bottom\" aria-hidden=\"true\" data-negative=\"false\">\n\t\t\t<svg xmlns=\"http:\/\/www.w3.org\/2000\/svg\" viewBox=\"0 0 283.5 27.8\" preserveAspectRatio=\"none\">\n\t<path class=\"elementor-shape-fill\" d=\"M283.5,9.7c0,0-7.3,4.3-14,4.6c-6.8,0.3-12.6,0-20.9-1.5c-11.3-2-33.1-10.1-44.7-5.7\ts-12.1,4.6-18,7.4c-6.6,3.2-20,9.6-36.6,9.3C131.6,23.5,99.5,7.2,86.3,8c-1.4,0.1-6.6,0.8-10.5,2c-3.8,1.2-9.4,3.8-17,4.7\tc-3.2,0.4-8.3,1.1-14.2,0.9c-1.5-0.1-6.3-0.4-12-1.6c-5.7-1.2-11-3.1-15.8-3.7C6.5,9.2,0,10.8,0,10.8V0h283.5V9.7z M260.8,11.3\tc-0.7-1-2-0.4-4.3-0.4c-2.3,0-6.1-1.2-5.8-1.1c0.3,0.1,3.1,1.5,6,1.9C259.7,12.2,261.4,12.3,260.8,11.3z M242.4,8.6\tc0,0-2.4-0.2-5.6-0.9c-3.2-0.8-10.3-2.8-15.1-3.5c-8.2-1.1-15.8,0-15.1,0.1c0.8,0.1,9.6-0.6,17.6,1.1c3.3,0.7,9.3,2.2,12.4,2.7\tC239.9,8.7,242.4,8.6,242.4,8.6z M185.2,8.5c1.7-0.7-13.3,4.7-18.5,6.1c-2.1,0.6-6.2,1.6-10,2c-3.9,0.4-8.9,0.4-8.8,0.5\tc0,0.2,5.8,0.8,11.2,0c5.4-0.8,5.2-1.1,7.6-1.6C170.5,14.7,183.5,9.2,185.2,8.5z M199.1,6.9c0.2,0-0.8-0.4-4.8,1.1\tc-4,1.5-6.7,3.5-6.9,3.7c-0.2,0.1,3.5-1.8,6.6-3C197,7.5,199,6.9,199.1,6.9z M283,6c-0.1,0.1-1.9,1.1-4.8,2.5s-6.9,2.8-6.7,2.7\tc0.2,0,3.5-0.6,7.4-2.5C282.8,6.8,283.1,5.9,283,6z M31.3,11.6c0.1-0.2-1.9-0.2-4.5-1.2s-5.4-1.6-7.8-2C15,7.6,7.3,8.5,7.7,8.6\tC8,8.7,15.9,8.3,20.2,9.3c2.2,0.5,2.4,0.5,5.7,1.6S31.2,11.9,31.3,11.6z M73,9.2c0.4-0.1,3.5-1.6,8.4-2.6c4.9-1.1,8.9-0.5,8.9-0.8\tc0-0.3-1-0.9-6.2-0.3S72.6,9.3,73,9.2z M71.6,6.7C71.8,6.8,75,5.4,77.3,5c2.3-0.3,1.9-0.5,1.9-0.6c0-0.1-1.1-0.2-2.7,0.2\tC74.8,5.1,71.4,6.6,71.6,6.7z M93.6,4.4c0.1,0.2,3.5,0.8,5.6,1.8c2.1,1,1.8,0.6,1.9,0.5c0.1-0.1-0.8-0.8-2.4-1.3\tC97.1,4.8,93.5,4.2,93.6,4.4z M65.4,11.1c-0.1,0.3,0.3,0.5,1.9-0.2s2.6-1.3,2.2-1.2s-0.9,0.4-2.5,0.8C65.3,10.9,65.5,10.8,65.4,11.1\tz M34.5,12.4c-0.2,0,2.1,0.8,3.3,0.9c1.2,0.1,2,0.1,2-0.2c0-0.3-0.1-0.5-1.6-0.4C36.6,12.8,34.7,12.4,34.5,12.4z M152.2,21.1\tc-0.1,0.1-2.4-0.3-7.5-0.3c-5,0-13.6-2.4-17.2-3.5c-3.6-1.1,10,3.9,16.5,4.1C150.5,21.6,152.3,21,152.2,21.1z\"\/>\n\t<path class=\"elementor-shape-fill\" d=\"M269.6,18c-0.1-0.1-4.6,0.3-7.2,0c-7.3-0.7-17-3.2-16.6-2.9c0.4,0.3,13.7,3.1,17,3.3\tC267.7,18.8,269.7,18,269.6,18z\"\/>\n\t<path class=\"elementor-shape-fill\" d=\"M227.4,9.8c-0.2-0.1-4.5-1-9.5-1.2c-5-0.2-12.7,0.6-12.3,0.5c0.3-0.1,5.9-1.8,13.3-1.2\tS227.6,9.9,227.4,9.8z\"\/>\n\t<path class=\"elementor-shape-fill\" d=\"M204.5,13.4c-0.1-0.1,2-1,3.2-1.1c1.2-0.1,2,0,2,0.3c0,0.3-0.1,0.5-1.6,0.4\tC206.4,12.9,204.6,13.5,204.5,13.4z\"\/>\n\t<path class=\"elementor-shape-fill\" d=\"M201,10.6c0-0.1-4.4,1.2-6.3,2.2c-1.9,0.9-6.2,3.1-6.1,3.1c0.1,0.1,4.2-1.6,6.3-2.6\tS201,10.7,201,10.6z\"\/>\n\t<path class=\"elementor-shape-fill\" d=\"M154.5,26.7c-0.1-0.1-4.6,0.3-7.2,0c-7.3-0.7-17-3.2-16.6-2.9c0.4,0.3,13.7,3.1,17,3.3\tC152.6,27.5,154.6,26.8,154.5,26.7z\"\/>\n\t<path class=\"elementor-shape-fill\" d=\"M41.9,19.3c0,0,1.2-0.3,2.9-0.1c1.7,0.2,5.8,0.9,8.2,0.7c4.2-0.4,7.4-2.7,7-2.6\tc-0.4,0-4.3,2.2-8.6,1.9c-1.8-0.1-5.1-0.5-6.7-0.4S41.9,19.3,41.9,19.3z\"\/>\n\t<path class=\"elementor-shape-fill\" d=\"M75.5,12.6c0.2,0.1,2-0.8,4.3-1.1c2.3-0.2,2.1-0.3,2.1-0.5c0-0.1-1.8-0.4-3.4,0\tC76.9,11.5,75.3,12.5,75.5,12.6z\"\/>\n\t<path class=\"elementor-shape-fill\" d=\"M15.6,13.2c0-0.1,4.3,0,6.7,0.5c2.4,0.5,5,1.9,5,2c0,0.1-2.7-0.8-5.1-1.4\tC19.9,13.7,15.7,13.3,15.6,13.2z\"\/>\n<\/svg>\t\t<\/div>\n\t\t<div class=\"elementor-element elementor-element-7da0d5b e-con-full e-flex wpr-particle-no wpr-jarallax-no wpr-parallax-no wpr-sticky-section-no wpr-equal-height-no e-con e-child\" data-id=\"7da0d5b\" data-element_type=\"container\">\n\t\t<div class=\"elementor-element elementor-element-90647bc e-con-full e-flex wpr-particle-no wpr-jarallax-no wpr-parallax-no wpr-sticky-section-no wpr-equal-height-no e-con e-child\" data-id=\"90647bc\" data-element_type=\"container\">\n\t\t<div class=\"elementor-element elementor-element-d581347 e-con-full e-flex wpr-particle-no wpr-jarallax-no wpr-parallax-no wpr-sticky-section-no wpr-equal-height-no e-con e-child\" data-id=\"d581347\" data-element_type=\"container\">\n\t\t\t\t<div class=\"elementor-element elementor-element-d6712b2 elementor-widget elementor-widget-image\" data-id=\"d6712b2\" data-element_type=\"widget\" data-widget_type=\"image.default\">\n\t\t\t\t\t\t\t\t\t\t\t\t\t\t\t<img decoding=\"async\" width=\"178\" height=\"91\" src=\"https:\/\/canoes-loisirs.com\/wp-content\/uploads\/2021\/10\/waves-small.png\" class=\"attachment-large size-large wp-image-17113\" alt=\"\">\t\t\t\t\t\t\t\t\t\t\t\t\t\t\t<\/div>\n\t\t\t\t<div class=\"elementor-element elementor-element-f18f37e elementor-widget elementor-widget-heading\" data-id=\"f18f37e\" data-element_type=\"widget\" data-widget_type=\"heading.default\">\n\t\t\t\t\t<h1 class=\"elementor-heading-title elementor-size-default\"><span style=\"font-weight:200\">Bienvenue <\/span><br>sur votre espace personnel<\/h1>\t\t\t\t<\/div>\n\t\t\t\t<div class=\"elementor-element elementor-element-5e9fc6f elementor-widget elementor-widget-html\" data-id=\"5e9fc6f\" data-element_type=\"widget\" data-widget_type=\"html.default\">\n\t\t\t\t\t<script>\n    const header = document.getElementById(\"pr-nav\");\n\n    const links = document.querySelectorAll('.nav-link');\n    \n    const phones = document.querySelectorAll('.header-phone');\n    \n    const search = document.querySelectorAll('.search-icon');\n    \n    const menus = document.querySelectorAll('.menu-item');\n    \n    const cta = document.querySelectorAll('.header-cta');\n    \n    const logo = document.getElementsByClassName('custom-logo').item(0);\n    \n    let img = logo.getAttribute(\"src\");\n    \n    function changeLogo (logo) {\n        logo.src = 'https:\/\/canoes-loisirs.com\/wp-content\/uploads\/2024\/01\/cropped-CANOELOISIRS-2048x535.png'\n    };\n    function removeLogo (logo) {\n        logo.src = 'https:\/\/canoes-loisirs.com\/wp-content\/uploads\/2024\/02\/cropped-logo-blan-cl.png'\n    };\n    \nwindow.addEventListener('scroll', () =>{\n    if(window.scrollY > 0){\n        header.classList.add('scrolled');\n        links.forEach((link) => {\n            link.classList.add('nav-link-scrolled');\n            });\n        phones.forEach((phone) => {\n            phone.classList.add('nav-link-scrolled');\n            });\n        search.forEach((icon) => {\n            icon.classList.add('nav-link-scrolled');\n        });\n        menus.forEach((menu) => {\n            menu.classList.add('nav-link-scrolled');\n        });\n        cta.forEach((button) => {\n            button.classList.add('cta-scrolled');\n        });\n        changeLogo(logo);\n        \n    }else{\n        header.classList.remove('scrolled');\n        links.forEach((link) => {\n            link.classList.remove('nav-link-scrolled');\n        });\n        phones.forEach((phone) => {\n            phone.classList.remove('nav-link-scrolled');\n        });\n        search.forEach((icon) => {\n            icon.classList.remove('nav-link-scrolled');\n        });\n        menus.forEach((menu) => {\n            menu.classList.remove('nav-link-scrolled');\n        });\n        cta.forEach((button) => {\n            button.classList.remove('cta-scrolled');\n        });\n        removeLogo(logo);\n    }\n})\n   \n\n<\/script>\t\t\t\t<\/div>\n\t\t\t\t<\/div>\n\t\t\t\t<\/div>\n\t\t<div class=\"elementor-element elementor-element-fba91ca e-con-full e-flex wpr-particle-no wpr-jarallax-no wpr-parallax-no wpr-sticky-section-no wpr-equal-height-no e-con e-child\" data-id=\"fba91ca\" data-element_type=\"container\">\n\t\t<div class=\"elementor-element elementor-element-3a10a73 e-con-full e-flex wpr-particle-no wpr-jarallax-no wpr-parallax-no wpr-sticky-section-no wpr-equal-height-no e-con e-child\" data-id=\"3a10a73\" data-element_type=\"container\">\n\t\t\t\t<div class=\"elementor-element elementor-element-4a560b1 elementor-widget elementor-widget-text-editor\" data-id=\"4a560b1\" data-element_type=\"widget\" data-widget_type=\"text-editor.default\">\n\t\t\t\t\t\t\t\t\t<p>Retrouvez vos informations de r\u00e9servation<\/p>\t\t\t\t\t\t\t\t<\/div>\n\t\t\t\t<\/div>\n\t\t\t\t<\/div>\n\t\t\t\t<\/div>\n\t\t\t\t<\/div>\n\t\t<div class=\"elementor-element elementor-element-9bf1b0f e-flex e-con-boxed wpr-particle-no wpr-jarallax-no wpr-parallax-no wpr-sticky-section-no wpr-equal-height-no e-con e-parent\" data-id=\"9bf1b0f\" data-element_type=\"container\">\n\t\t\t\t\t<div class=\"e-con-inner\">\n\t\t<div class=\"elementor-element elementor-element-6233864 e-con-full e-flex wpr-particle-no wpr-jarallax-no wpr-parallax-no wpr-sticky-section-no wpr-equal-height-no e-con e-child\" data-id=\"6233864\" data-element_type=\"container\">\n\t\t\t\t<div class=\"elementor-element elementor-element-1038b95 wpr-promo-box-style-cover elementor-widget elementor-widget-wpr-promo-box\" data-id=\"1038b95\" data-element_type=\"widget\" data-widget_type=\"wpr-promo-box.default\">\n\t\t\t\t\t\n\t\t<div class=\"wpr-promo-box wpr-animation-wrap\">\n\n\t\t\t\t\t\t\t\n\t\t\t\t\t\t\t<div class=\"wpr-promo-box-image\">\n\t\t\t\t\t<div class=\"wpr-promo-box-bg-image wpr-bg-anim-zoom-in wpr-anim-timing-ease-default\" style=\"background-image:url(https:\/\/canoes-loisirs.com\/wp-content\/uploads\/2024\/02\/Com-Images.0348-scaled.webp);\"><\/div>\n\t\t\t\t\t<div class=\"wpr-promo-box-bg-overlay wpr-border-anim-jazz\"><\/div>\n\t\t\t\t<\/div>\n\t\t\t\t\t\t\n\t\t\t<div class=\"wpr-promo-box-content\">\n\n\t\t\t\t\t\t\t\t<div class=\"wpr-promo-box-icon\">\n\t\t\t\t\t\t\t\t\t<\/div>\n\t\t\t\t\n\t\t\t\t<h3 class=\"wpr-promo-box-title\"><span><SPAN style=\"font-weight:400\">MES<\/span> <BR>R\u00c9SERVATIONS<\/span><\/h3>\n\t\t\t\t\n\t\t\t\t\t\t\t\t\t<div class=\"wpr-promo-box-btn-wrap\">\n\t\t\t\t\t\t<a class=\"wpr-promo-box-btn\" href=\"https:\/\/canoes-loisirs.com\/?page_id=16&#038;bookings\">\n\n\t\t\t\t\t\t\t\t\t\t\t\t\t\t<span class=\"wpr-promo-box-btn-text\">VOIR MES R\u00c9SERVATIONS<\/span>\t\t\n\t\t\t\t\t\t\t\n\t\t\t\t\t\t\t\t\t\t\t\t\t<\/a>\n\t\t\t\t\t<\/div>\t\n\t\t\t\t\t\t\t<\/div>\n\n\t\t\t\t\t<\/div>\n\n\t\t\t\t\t\t<\/div>\n\t\t\t\t<\/div>\n\t\t<div class=\"elementor-element elementor-element-2441b6e e-con-full e-flex wpr-particle-no wpr-jarallax-no wpr-parallax-no wpr-sticky-section-no wpr-equal-height-no e-con e-child\" data-id=\"2441b6e\" data-element_type=\"container\">\n\t\t\t\t<div class=\"elementor-element elementor-element-cd29595 wpr-promo-box-style-cover elementor-widget elementor-widget-wpr-promo-box\" data-id=\"cd29595\" data-element_type=\"widget\" data-widget_type=\"wpr-promo-box.default\">\n\t\t\t\t\t\n\t\t<div class=\"wpr-promo-box wpr-animation-wrap\">\n\n\t\t\t\t\t\t\t\n\t\t\t\t\t\t\t<div class=\"wpr-promo-box-image\">\n\t\t\t\t\t<div class=\"wpr-promo-box-bg-image wpr-bg-anim-zoom-in wpr-anim-timing-ease-default\" style=\"background-image:url(https:\/\/canoes-loisirs.com\/wp-content\/uploads\/2024\/02\/Com-Images.9222.webp);\"><\/div>\n\t\t\t\t\t<div class=\"wpr-promo-box-bg-overlay wpr-border-anim-jazz\"><\/div>\n\t\t\t\t<\/div>\n\t\t\t\t\t\t\n\t\t\t<div class=\"wpr-promo-box-content\">\n\n\t\t\t\t\t\t\t\t<div class=\"wpr-promo-box-icon\">\n\t\t\t\t\t\t\t\t\t<\/div>\n\t\t\t\t\n\t\t\t\t<h3 class=\"wpr-promo-box-title\"><span><SPAN style=\"font-weight:400\">MES<\/span> <BR>INFOS PERSONNELLES <\/span><\/h3>\n\t\t\t\t\n\t\t\t\t\t\t\t\t\t<div class=\"wpr-promo-box-btn-wrap\">\n\t\t\t\t\t\t<a class=\"wpr-promo-box-btn\" href=\"https:\/\/canoes-loisirs.com\/?page_id=16&#038;edit-account\">\n\n\t\t\t\t\t\t\t\t\t\t\t\t\t\t<span class=\"wpr-promo-box-btn-text\">VOIR MES INFOS<\/span>\t\t\n\t\t\t\t\t\t\t\n\t\t\t\t\t\t\t\t\t\t\t\t\t<\/a>\n\t\t\t\t\t<\/div>\t\n\t\t\t\t\t\t\t<\/div>\n\n\t\t\t\t\t<\/div>\n\n\t\t\t\t\t\t<\/div>\n\t\t\t\t<\/div>\n\t\t\t\t\t<\/div>\n\t\t\t\t<\/div>\n\t\t<div class=\"elementor-element elementor-element-06875c5 e-flex e-con-boxed wpr-particle-no wpr-jarallax-no wpr-parallax-no wpr-sticky-section-no wpr-equal-height-no e-con e-parent\" data-id=\"06875c5\" data-element_type=\"container\">\n\t\t\t\t\t<div class=\"e-con-inner\">\n\t\t\t\t<div class=\"elementor-element elementor-element-294f8f7 elementor-widget elementor-widget-premium-addon-image-button\" data-id=\"294f8f7\" data-element_type=\"widget\" data-widget_type=\"premium-addon-image-button.default\">\n\t\t\t\t\t\n\t\t<a class=\"premium-image-button-none premium-image-button premium-btn-lg premium-image-button-none\" href=\"https:\/\/canoes-loisirs.com\/?page_id=16&#038;edit-address\">\n\t\t\t<div class=\"premium-image-button-text-icon-wrapper\">\n\n\t\t\t\t\n\t\t\t\t\t\t\t\t\t<span >\n\t\t\t\t\t\tMODIFIER <span style=\"font-weight:600\">MON ADRESSE<\/span>\t\t\t\t\t<\/span>\n\t\t\t\t\n\t\t\t<\/div>\n\n\t\t\t\n\t\t\t\n\t\t\t\n\t\t<\/a>\n\n\t\t\t\t\t\t<\/div>\n\t\t\t\t<div class=\"elementor-element elementor-element-0272a89 elementor-widget elementor-widget-premium-addon-image-button\" data-id=\"0272a89\" data-element_type=\"widget\" data-widget_type=\"premium-addon-image-button.default\">\n\t\t\t\t\t\n\t\t<a class=\"premium-image-button-none premium-image-button premium-btn-lg premium-image-button-none\" href=\"https:\/\/canoes-loisirs.com\/?page_id=16&#038;ly_saved_cards\">\n\t\t\t<div class=\"premium-image-button-text-icon-wrapper\">\n\n\t\t\t\t\n\t\t\t\t\t\t\t\t\t<span >\n\t\t\t\t\t\tMODIFIER<span style=\"font-weight:600\"> MES MOYENS DE PAIEMENT<\/span>\t\t\t\t\t<\/span>\n\t\t\t\t\n\t\t\t<\/div>\n\n\t\t\t\n\t\t\t\n\t\t\t\n\t\t<\/a>\n\n\t\t\t\t\t\t<\/div>\n\t\t\t\t<div class=\"elementor-element elementor-element-59e14f3 elementor-widget elementor-widget-premium-addon-image-button\" data-id=\"59e14f3\" data-element_type=\"widget\" data-widget_type=\"premium-addon-image-button.default\">\n\t\t\t\t\t\n\t\t<a class=\"premium-image-button-none premium-image-button premium-btn-lg premium-image-button-none\" href=\"https:\/\/canoes-loisirs.com\/?page_id=16&#038;customer-logout\">\n\t\t\t<div class=\"premium-image-button-text-icon-wrapper\">\n\n\t\t\t\t\n\t\t\t\t\t\t\t\t\t<span >\n\t\t\t\t\t\tME <span style=\"font-weight:600\">D\u00c9CONNECTER<\/span>\t\t\t\t\t<\/span>\n\t\t\t\t\n\t\t\t<\/div>\n\n\t\t\t\n\t\t\t\n\t\t\t\n\t\t<\/a>\n\n\t\t\t\t\t\t<\/div>\n\t\t\t\t\t<\/div>\n\t\t\t\t<\/div>\n\t\t<div class=\"elementor-element elementor-element-db6d667 e-flex e-con-boxed wpr-particle-no wpr-jarallax-no wpr-parallax-no wpr-sticky-section-no wpr-equal-height-no e-con e-parent\" data-id=\"db6d667\" data-element_type=\"container\">\n\t\t\t\t\t<div class=\"e-con-inner\">\n\t\t\t\t<div class=\"elementor-element elementor-element-7bdca52 e-my-account-tabs-vertical elementor-widget elementor-widget-woocommerce-my-account\" data-id=\"7bdca52\" data-element_type=\"widget\" data-widget_type=\"woocommerce-my-account.default\">\n\t\t\t\t\t<div class=\"e-my-account-tab e-my-account-tab__ \">\t\t\t<div class=\"woocommerce\"><div class=\"woocommerce-notices-wrapper\"><\/div>\r\n\r\n        <form class=\"woocommerce-form woocommerce-form-login login\" method=\"post\">\r\n\r\n            <h5 class=\"mt-0 mb-3 h5-styled\">Login<\/h5>\r\n\r\n            \r\n            <p class=\"woocommerce-form-row woocommerce-form-row--wide form-row form-row-wide\">\r\n                <label for=\"username\">Username or email address&nbsp;<span class=\"required\">*<\/span><\/label>\r\n                <input type=\"text\" class=\"woocommerce-Input woocommerce-Input--text input-text\" name=\"username\" id=\"username\" autocomplete=\"username\" value=\"\" \/>            <\/p>\r\n            <p class=\"woocommerce-form-row woocommerce-form-row--wide form-row form-row-wide\">\r\n                <label for=\"password\">Password&nbsp;<span class=\"required\">*<\/span><\/label>\r\n                <input class=\"woocommerce-Input woocommerce-Input--text input-text\" type=\"password\" name=\"password\" id=\"password\" autocomplete=\"current-password\" \/>\r\n            <\/p>\r\n\r\n            \r\n            <div class=\"form-row woo-bottom-f-row\">\r\n                <label class=\"woocommerce-form__label woocommerce-form__label-for-checkbox woocommerce-form-login__rememberme\">\r\n                    <input class=\"woocommerce-form__input woocommerce-form__input-checkbox\" name=\"rememberme\" type=\"checkbox\" id=\"rememberme\" value=\"forever\" \/> <span>Remember me<\/span>\r\n                <\/label>\r\n                <input type=\"hidden\" id=\"woocommerce-login-nonce\" name=\"woocommerce-login-nonce\" value=\"98b7d25957\" \/><input type=\"hidden\" name=\"_wp_http_referer\" value=\"\/es\/wp-json\/wp\/v2\/pages\/19186\" \/>            <div class=\"login-btn\"><button type=\"submit\" class=\"woocommerce-button button woocommerce-form-login__submit\" name=\"login\" value=\"Log in\">Log in<\/button><\/div>\r\n            <\/div>\r\n            <p class=\"woocommerce-LostPassword lost_password\">\r\n                <a href=\"https:\/\/canoes-loisirs.com\/es\/mi-cuenta\/lost-password\/\">Lost your password?<\/a>\r\n            <\/p>\r\n\r\n            \r\n        <\/form>\r\n\r\n        \r\n<\/div>\t\t<\/div>\n\t\t\t\t\t\t<\/div>\n\t\t\t\t\t<\/div>\n\t\t\t\t<\/div>\n\t\t\t\t<\/div>\n\t\t","protected":false},"excerpt":{"rendered":"<p>Bienvenido en su espacio personal Encuentre los datos de su reserva MI RESERVAS VER MIS RESERVAS MI INFORMACI\u00d3N PERSONAL VER MI INFORMACI\u00d3N CAMBIAR MI DIRECCI\u00d3N CAMBIAR MIS M\u00c9TODOS DE PAGO DESCON\u00c9CTAME Login Username or email address&nbsp;* Password&nbsp;* Remember me Log in Lost your password? Cuadro de mandos Controla Descargas Direcciones Datos de la cuenta Lista de deseos Reservas Mis formas de pago Desconexi\u00f3n Hola Canoas-Loisirs (\u00bfno eres Canoas-Loisirs? Descon\u00e9ctate) Desde el panel de control de su cuenta, puede ver sus pedidos recientes, gestionar sus direcciones de facturaci\u00f3n y cambiar su contrase\u00f1a y los datos de su cuenta.<\/p>\n","protected":false},"author":1,"featured_media":0,"parent":0,"menu_order":0,"comment_status":"closed","ping_status":"closed","template":"page-templates\/template-full-width-page-without-header-title.php","meta":{"_acf_changed":false,"content-type":"","footnotes":""},"class_list":["post-19186","page","type-page","status-publish","hentry"],"acf":[],"_links":{"self":[{"href":"https:\/\/canoes-loisirs.com\/es\/wp-json\/wp\/v2\/pages\/19186","targetHints":{"allow":["GET"]}}],"collection":[{"href":"https:\/\/canoes-loisirs.com\/es\/wp-json\/wp\/v2\/pages"}],"about":[{"href":"https:\/\/canoes-loisirs.com\/es\/wp-json\/wp\/v2\/types\/page"}],"author":[{"embeddable":true,"href":"https:\/\/canoes-loisirs.com\/es\/wp-json\/wp\/v2\/users\/1"}],"replies":[{"embeddable":true,"href":"https:\/\/canoes-loisirs.com\/es\/wp-json\/wp\/v2\/comments?post=19186"}],"version-history":[{"count":0,"href":"https:\/\/canoes-loisirs.com\/es\/wp-json\/wp\/v2\/pages\/19186\/revisions"}],"wp:attachment":[{"href":"https:\/\/canoes-loisirs.com\/es\/wp-json\/wp\/v2\/media?parent=19186"}],"curies":[{"name":"wp","href":"https:\/\/api.w.org\/{rel}","templated":true}]}}